{"id":1514,"date":"2018-02-13T19:54:59","date_gmt":"2018-02-13T17:54:59","guid":{"rendered":"http:\/\/www.ailikedesign.com\/alora\/?page_id=1514"},"modified":"2021-04-29T12:18:45","modified_gmt":"2021-04-29T10:18:45","slug":"contacta-con-alora-adwords","status":"publish","type":"page","link":"http:\/\/www.ailikedesign.com\/alora\/contacta-con-alora-adwords\/","title":{"rendered":"Contacta con Alora"},"content":{"rendered":"<section class=\"wpb-content-wrapper\"><p>[vc_row][vc_column][vc_empty_space][vc_column_text]<\/p>\n<h3>Ponte en contacto con nosotros a trav\u00e9s de los canales de comunicaci\u00f3n que disponemos, o cumplimentando el siguiente formulario:<\/h3>\n<p>[\/vc_column_text][\/vc_column][\/vc_row][vc_row][vc_column width=\u00bb1\/2&#8243;][vc_empty_space height=\u00bb20px\u00bb]\n<div class=\"wpcf7 no-js\" id=\"wpcf7-f1519-o1\" lang=\"es-ES\" dir=\"ltr\">\n<div class=\"screen-reader-response\"><p role=\"status\" aria-live=\"polite\" aria-atomic=\"true\"><\/p> <ul><\/ul><\/div>\n<form action=\"\/alora\/wp-json\/wp\/v2\/pages\/1514#wpcf7-f1519-o1\" method=\"post\" class=\"wpcf7-form init\" aria-label=\"Formulario de contacto\" novalidate=\"novalidate\" data-status=\"init\">\n<div style=\"display: none;\">\n<input type=\"hidden\" name=\"_wpcf7\" value=\"1519\" \/>\n<input type=\"hidden\" name=\"_wpcf7_version\" value=\"5.7.7\" \/>\n<input type=\"hidden\" name=\"_wpcf7_locale\" value=\"es_ES\" \/>\n<input type=\"hidden\" name=\"_wpcf7_unit_tag\" value=\"wpcf7-f1519-o1\" \/>\n<input type=\"hidden\" name=\"_wpcf7_container_post\" value=\"0\" \/>\n<input type=\"hidden\" name=\"_wpcf7_posted_data_hash\" value=\"\" \/>\n<\/div>\n<p><label> Nombre*<br \/>\n<span class=\"wpcf7-form-control-wrap\" data-name=\"your-name\"><input size=\"40\" class=\"wpcf7-form-control wpcf7-text wpcf7-validates-as-required\" aria-required=\"true\" aria-invalid=\"false\" value=\"\" type=\"text\" name=\"your-name\" \/><\/span> <\/label>\n<\/p>\n<p><label> Correo electr\u00f3nico*<br \/>\n<span class=\"wpcf7-form-control-wrap\" data-name=\"your-email\"><input size=\"40\" class=\"wpcf7-form-control wpcf7-text wpcf7-email wpcf7-validates-as-required wpcf7-validates-as-email\" aria-required=\"true\" aria-invalid=\"false\" value=\"\" type=\"email\" name=\"your-email\" \/><\/span> <\/label>\n<\/p>\n<p><label> Tel\u00e9fono<br \/>\n<span class=\"wpcf7-form-control-wrap\" data-name=\"Telefono\"><input size=\"40\" class=\"wpcf7-form-control wpcf7-text wpcf7-tel wpcf7-validates-as-tel\" aria-invalid=\"false\" value=\"\" type=\"tel\" name=\"Telefono\" \/><\/span> <\/label>\n<\/p>\n<p><label> Empresa<br \/>\n<span class=\"wpcf7-form-control-wrap\" data-name=\"your-subject\"><input size=\"40\" class=\"wpcf7-form-control wpcf7-text\" aria-invalid=\"false\" value=\"\" type=\"text\" name=\"your-subject\" \/><\/span> <\/label>\n<\/p>\n<p><label> Mensaje<br \/>\n<span class=\"wpcf7-form-control-wrap\" data-name=\"your-message\"><textarea cols=\"40\" rows=\"10\" class=\"wpcf7-form-control wpcf7-textarea\" aria-invalid=\"false\" name=\"your-message\"><\/textarea><\/span> <\/label>\n<\/p>\n<p><label><span class=\"wpcf7-form-control-wrap\" data-name=\"acceptance-932\"><span class=\"wpcf7-form-control wpcf7-acceptance\"><span class=\"wpcf7-list-item\"><input type=\"checkbox\" name=\"acceptance-932\" value=\"1\" aria-invalid=\"false\" \/><\/span><\/span><\/span> He le\u00eddo y acepto los t\u00e9rminos y condiciones de <a title=\"Pol\u00edtica de Privacidad\" href=\"http:\/\/www.ailikedesign.com\/alora\/politica-de-privacidad\/\" target=\"_blank\">privacidad<\/a><\/label>\n<\/p>\n<p><input class=\"wpcf7-form-control has-spinner wpcf7-submit\" type=\"submit\" value=\"Enviar\" \/>\n<\/p><div class=\"wpcf7-response-output\" aria-hidden=\"true\"><\/div>\n<\/form>\n<\/div>\n[\/vc_column][vc_column width=\u00bb1\/2&#8243;][vc_empty_space height=\u00bb20px\u00bb]<div class=\"smile_icon_list_wrap ult_info_list_container ult-adjust-bottom-margin  \"><ul class=\"smile_icon_list left circle with_bg\"><li class=\"icon_list_item\" style=\" font-size:48px;\"><div class=\"icon_list_icon\" data-animation=\"\" data-animation-delay=\"03\" style=\"font-size:16px;border-width:1px;border-style:none;background:#3fbfba;color:#ffffff;border-color:#333333;\"><i class=\"icomoon-free-social-contact-16x16-location\" ><\/i><\/div><div class=\"icon_description\" id=\"Info-list-wrap-7157\" style=\"font-size:16px;\"><h3 class=\"ult-responsive info-list-heading\"  data-ultimate-target='#Info-list-wrap-7157 h3'  data-responsive-json-new='{\"font-size\":\"desktop:16px;\",\"line-height\":\"desktop:24px;\"}'  style=\"\">Direcciones:<\/h3><div class=\"icon_description_text ult-responsive\"  data-ultimate-target='#Info-list-wrap-7157 .icon_description_text'  data-responsive-json-new='{\"font-size\":\"desktop:13px;\",\"line-height\":\"desktop:18px;\"}'  style=\"\"><p>C\/ Aviaci\u00f3n 18 \u2013 1\u00ba. Pol. Calonge. 41007, Sevilla<br \/>\nC\/ Segura 1 &#8211; nave 1 &#8211; Pol. Oroel. 28840, Mejorada del Campo (Madrid)<\/p>\n<\/div><\/div><div class=\"icon_list_connector\"  style=\"border-right-width: 1px;border-right-style: dashed;border-color: #333333;\"><\/div><\/li><li class=\"icon_list_item\" style=\" font-size:48px;\"><div class=\"icon_list_icon\" data-animation=\"\" data-animation-delay=\"03\" style=\"font-size:16px;border-width:1px;border-style:none;background:#3fbfba;color:#ffffff;border-color:#333333;\"><i class=\"icomoon-free-social-contact-16x16-phone\" ><\/i><\/div><div class=\"icon_description\" id=\"Info-list-wrap-1011\" style=\"font-size:16px;\"><h3 class=\"ult-responsive info-list-heading\"  data-ultimate-target='#Info-list-wrap-1011 h3'  data-responsive-json-new='{\"font-size\":\"desktop:16px;\",\"line-height\":\"desktop:24px;\"}'  style=\"\">Tel\u00e9fono:<\/h3><div class=\"icon_description_text ult-responsive\"  data-ultimate-target='#Info-list-wrap-1011 .icon_description_text'  data-responsive-json-new='{\"font-size\":\"desktop:13px;\",\"line-height\":\"desktop:18px;\"}'  style=\"\"><p>+34 955 040 040<\/p>\n<\/div><\/div><div class=\"icon_list_connector\"  style=\"border-right-width: 1px;border-right-style: dashed;border-color: #333333;\"><\/div><\/li><\/ul><\/div>[vc_empty_space height=\u00bb10px\u00bb][vc_gmaps link=\u00bb#E-8_JTNDaWZyYW1lJTIwc3JjJTNEJTIyaHR0cHMlM0ElMkYlMkZ3d3cuZ29vZ2xlLmNvbSUyRm1hcHMlMkZlbWJlZCUzRnBiJTNEJTIxMW0xOCUyMTFtMTIlMjExbTMlMjExZDMxNjkuMTU5ODYyNjIyMDMyNSUyMTJkLTUuOTUyMjQwNzg0MzI3Nzc1JTIxM2QzNy40MDk2OTYxNzk4Mjc2NTUlMjEybTMlMjExZjAlMjEyZjAlMjEzZjAlMjEzbTIlMjExaTEwMjQlMjEyaTc2OCUyMTRmMTMuMSUyMTNtMyUyMTFtMiUyMTFzMHhkMTI2OTJlNzM4MmFjMGYlMjUzQTB4ZTEwMTcyOGQ5MDVhNWYyYSUyMTJzQ2FsbGUlMkJBdmlhY2klMjVDMyUyNUIzbiUyNTJDJTJCMTYlMjUyQyUyQjQxMDA3JTJCU2V2aWxsYSUyMTVlMCUyMTNtMiUyMTFzZXMlMjEyc2VzJTIxNHYxNTA4ODY3NjIzNzg3JTIyJTIwd2lkdGglM0QlMjI2MDAlMjIlMjBoZWlnaHQlM0QlMjI0NTAlMjIlMjBmcmFtZWJvcmRlciUzRCUyMjAlMjIlMjBzdHlsZSUzRCUyMmJvcmRlciUzQTAlMjIlMjBhbGxvd2Z1bGxzY3JlZW4lM0UlM0MlMkZpZnJhbWUlM0U=\u00bb][\/vc_column][\/vc_row]<\/p>\n<\/section>","protected":false},"excerpt":{"rendered":"<p>[vc_row][vc_column][vc_empty_space][vc_column_text] Ponte en contacto con nosotros a trav\u00e9s de los canales de comunicaci\u00f3n que disponemos, o cumplimentando el siguiente formulario: [\/vc_column_text][\/vc_column][\/vc_row][vc_row][vc_column width=\u00bb1\/2&#8243;][vc_empty_space height=\u00bb20px\u00bb][\/vc_column][vc_column width=\u00bb1\/2&#8243;][vc_empty_space height=\u00bb20px\u00bb][vc_empty_space height=\u00bb10px\u00bb][vc_gmaps link=\u00bb#E-8_JTNDaWZyYW1lJTIwc3JjJTNEJTIyaHR0cHMlM0ElMkYlMkZ3d3cuZ29vZ2xlLmNvbSUyRm1hcHMlMkZlbWJlZCUzRnBiJTNEJTIxMW0xOCUyMTFtMTIlMjExbTMlMjExZDMxNjkuMTU5ODYyNjIyMDMyNSUyMTJkLTUuOTUyMjQwNzg0MzI3Nzc1JTIxM2QzNy40MDk2OTYxNzk4Mjc2NTUlMjEybTMlMjExZjAlMjEyZjAlMjEzZjAlMjEzbTIlMjExaTEwMjQlMjEyaTc2OCUyMTRmMTMuMSUyMTNtMyUyMTFtMiUyMTFzMHhkMTI2OTJlNzM4MmFjMGYlMjUzQTB4ZTEwMTcyOGQ5MDVhNWYyYSUyMTJzQ2FsbGUlMkJBdmlhY2klMjVDMyUyNUIzbiUyNTJDJTJCMTYlMjUyQyUyQjQxMDA3JTJCU2V2aWxsYSUyMTVlMCUyMTNtMiUyMTFzZXMlMjEyc2VzJTIxNHYxNTA4ODY3NjIzNzg3JTIyJTIwd2lkdGglM0QlMjI2MDAlMjIlMjBoZWlnaHQlM0QlMjI0NTAlMjIlMjBmcmFtZWJvcmRlciUzRCUyMjAlMjIlMjBzdHlsZSUzRCUyMmJvcmRlciUzQTAlMjIlMjBhbGxvd2Z1bGxzY3JlZW4lM0UlM0MlMkZpZnJhbWUlM0U=\u00bb][\/vc_column][\/vc_row]<\/p>\n","protected":false},"author":1,"featured_media":0,"parent":0,"menu_order":0,"comment_status":"closed","ping_status":"closed","template":"","meta":[],"yoast_head":"<!-- This site is optimized with the Yoast SEO plugin v20.1 - https:\/\/yoast.com\/wordpress\/plugins\/seo\/ -->\n<title>Contacta con Alora | Sistemas Avanzados Telecomunicaciones<\/title>\n<meta name=\"description\" content=\"Contacta con Alora Soluciones a trav\u00e9s de correo electr\u00f3nico, tel\u00e9fono 955 040 040 o cumplimentando nuestro formulario de contacto en nuestra web\" \/>\n<meta name=\"robots\" content=\"index, follow, max-snippet:-1, max-image-preview:large, max-video-preview:-1\" \/>\n<link rel=\"canonical\" href=\"http:\/\/www.ailikedesign.com\/alora\/contacta-con-alora-adwords\/\" \/>\n<meta property=\"og:locale\" content=\"es_ES\" \/>\n<meta property=\"og:type\" content=\"article\" \/>\n<meta property=\"og:title\" content=\"Contacta con Alora | Sistemas Avanzados Telecomunicaciones\" \/>\n<meta property=\"og:description\" content=\"Contacta con Alora Soluciones a trav\u00e9s de correo electr\u00f3nico, tel\u00e9fono 955 040 040 o cumplimentando nuestro formulario de contacto en nuestra web\" \/>\n<meta property=\"og:url\" content=\"http:\/\/www.ailikedesign.com\/alora\/contacta-con-alora-adwords\/\" \/>\n<meta property=\"og:site_name\" content=\"Alora Soluciones\" \/>\n<meta property=\"article:modified_time\" content=\"2021-04-29T10:18:45+00:00\" \/>\n<meta name=\"twitter:card\" content=\"summary_large_image\" \/>\n<meta name=\"twitter:label1\" content=\"Tiempo de lectura\" \/>\n\t<meta name=\"twitter:data1\" content=\"1 minuto\" \/>\n<script type=\"application\/ld+json\" class=\"yoast-schema-graph\">{\"@context\":\"https:\/\/schema.org\",\"@graph\":[{\"@type\":\"WebPage\",\"@id\":\"http:\/\/www.ailikedesign.com\/alora\/contacta-con-alora-adwords\/\",\"url\":\"http:\/\/www.ailikedesign.com\/alora\/contacta-con-alora-adwords\/\",\"name\":\"Contacta con Alora | Sistemas Avanzados Telecomunicaciones\",\"isPartOf\":{\"@id\":\"http:\/\/www.ailikedesign.com\/alora\/#website\"},\"datePublished\":\"2018-02-13T17:54:59+00:00\",\"dateModified\":\"2021-04-29T10:18:45+00:00\",\"description\":\"Contacta con Alora Soluciones a trav\u00e9s de correo electr\u00f3nico, tel\u00e9fono 955 040 040 o cumplimentando nuestro formulario de contacto en nuestra web\",\"breadcrumb\":{\"@id\":\"http:\/\/www.ailikedesign.com\/alora\/contacta-con-alora-adwords\/#breadcrumb\"},\"inLanguage\":\"es\",\"potentialAction\":[{\"@type\":\"ReadAction\",\"target\":[\"http:\/\/www.ailikedesign.com\/alora\/contacta-con-alora-adwords\/\"]}]},{\"@type\":\"BreadcrumbList\",\"@id\":\"http:\/\/www.ailikedesign.com\/alora\/contacta-con-alora-adwords\/#breadcrumb\",\"itemListElement\":[{\"@type\":\"ListItem\",\"position\":1,\"name\":\"Portada\",\"item\":\"http:\/\/www.ailikedesign.com\/alora\/\"},{\"@type\":\"ListItem\",\"position\":2,\"name\":\"Contacta con Alora\"}]},{\"@type\":\"WebSite\",\"@id\":\"http:\/\/www.ailikedesign.com\/alora\/#website\",\"url\":\"http:\/\/www.ailikedesign.com\/alora\/\",\"name\":\"Alora Soluciones\",\"description\":\"Sistemas avanzados de telecomunicaciones\",\"potentialAction\":[{\"@type\":\"SearchAction\",\"target\":{\"@type\":\"EntryPoint\",\"urlTemplate\":\"http:\/\/www.ailikedesign.com\/alora\/?s={search_term_string}\"},\"query-input\":\"required name=search_term_string\"}],\"inLanguage\":\"es\"}]}<\/script>\n<!-- \/ Yoast SEO plugin. -->","yoast_head_json":{"title":"Contacta con Alora | Sistemas Avanzados Telecomunicaciones","description":"Contacta con Alora Soluciones a trav\u00e9s de correo electr\u00f3nico, tel\u00e9fono 955 040 040 o cumplimentando nuestro formulario de contacto en nuestra web","robots":{"index":"index","follow":"follow","max-snippet":"max-snippet:-1","max-image-preview":"max-image-preview:large","max-video-preview":"max-video-preview:-1"},"canonical":"http:\/\/www.ailikedesign.com\/alora\/contacta-con-alora-adwords\/","og_locale":"es_ES","og_type":"article","og_title":"Contacta con Alora | Sistemas Avanzados Telecomunicaciones","og_description":"Contacta con Alora Soluciones a trav\u00e9s de correo electr\u00f3nico, tel\u00e9fono 955 040 040 o cumplimentando nuestro formulario de contacto en nuestra web","og_url":"http:\/\/www.ailikedesign.com\/alora\/contacta-con-alora-adwords\/","og_site_name":"Alora Soluciones","article_modified_time":"2021-04-29T10:18:45+00:00","twitter_card":"summary_large_image","twitter_misc":{"Tiempo de lectura":"1 minuto"},"schema":{"@context":"https:\/\/schema.org","@graph":[{"@type":"WebPage","@id":"http:\/\/www.ailikedesign.com\/alora\/contacta-con-alora-adwords\/","url":"http:\/\/www.ailikedesign.com\/alora\/contacta-con-alora-adwords\/","name":"Contacta con Alora | Sistemas Avanzados Telecomunicaciones","isPartOf":{"@id":"http:\/\/www.ailikedesign.com\/alora\/#website"},"datePublished":"2018-02-13T17:54:59+00:00","dateModified":"2021-04-29T10:18:45+00:00","description":"Contacta con Alora Soluciones a trav\u00e9s de correo electr\u00f3nico, tel\u00e9fono 955 040 040 o cumplimentando nuestro formulario de contacto en nuestra web","breadcrumb":{"@id":"http:\/\/www.ailikedesign.com\/alora\/contacta-con-alora-adwords\/#breadcrumb"},"inLanguage":"es","potentialAction":[{"@type":"ReadAction","target":["http:\/\/www.ailikedesign.com\/alora\/contacta-con-alora-adwords\/"]}]},{"@type":"BreadcrumbList","@id":"http:\/\/www.ailikedesign.com\/alora\/contacta-con-alora-adwords\/#breadcrumb","itemListElement":[{"@type":"ListItem","position":1,"name":"Portada","item":"http:\/\/www.ailikedesign.com\/alora\/"},{"@type":"ListItem","position":2,"name":"Contacta con Alora"}]},{"@type":"WebSite","@id":"http:\/\/www.ailikedesign.com\/alora\/#website","url":"http:\/\/www.ailikedesign.com\/alora\/","name":"Alora Soluciones","description":"Sistemas avanzados de telecomunicaciones","potentialAction":[{"@type":"SearchAction","target":{"@type":"EntryPoint","urlTemplate":"http:\/\/www.ailikedesign.com\/alora\/?s={search_term_string}"},"query-input":"required name=search_term_string"}],"inLanguage":"es"}]}},"_links":{"self":[{"href":"http:\/\/www.ailikedesign.com\/alora\/wp-json\/wp\/v2\/pages\/1514"}],"collection":[{"href":"http:\/\/www.ailikedesign.com\/alora\/wp-json\/wp\/v2\/pages"}],"about":[{"href":"http:\/\/www.ailikedesign.com\/alora\/wp-json\/wp\/v2\/types\/page"}],"author":[{"embeddable":true,"href":"http:\/\/www.ailikedesign.com\/alora\/wp-json\/wp\/v2\/users\/1"}],"replies":[{"embeddable":true,"href":"http:\/\/www.ailikedesign.com\/alora\/wp-json\/wp\/v2\/comments?post=1514"}],"version-history":[{"count":0,"href":"http:\/\/www.ailikedesign.com\/alora\/wp-json\/wp\/v2\/pages\/1514\/revisions"}],"wp:attachment":[{"href":"http:\/\/www.ailikedesign.com\/alora\/wp-json\/wp\/v2\/media?parent=1514"}],"curies":[{"name":"wp","href":"https:\/\/api.w.org\/{rel}","templated":true}]}}