{"id":521,"date":"2017-10-25T08:11:49","date_gmt":"2017-10-25T08:11:49","guid":{"rendered":"http:\/\/www.ailikedesign.com\/alora\/?page_id=521"},"modified":"2018-02-20T15:05:22","modified_gmt":"2018-02-20T13:05:22","slug":"solicitud-de-calculo-de-radioenlace","status":"publish","type":"page","link":"http:\/\/www.ailikedesign.com\/alora\/solicitud-de-calculo-de-radioenlace\/","title":{"rendered":"Solicitud de c\u00e1lculo de radioenlace"},"content":{"rendered":"<section class=\"wpb-content-wrapper\"><p>[vc_row][vc_column][vc_empty_space][vc_column_text]<\/p>\n<h3>Introduce los datos del radioenlace:<\/h3>\n<p>[\/vc_column_text][\/vc_column][\/vc_row][vc_row][vc_column]\n<div class=\"wpcf7 no-js\" id=\"wpcf7-f494-o1\" lang=\"es-ES\" dir=\"ltr\">\n<div class=\"screen-reader-response\"><p role=\"status\" aria-live=\"polite\" aria-atomic=\"true\"><\/p> <ul><\/ul><\/div>\n<form action=\"\/alora\/wp-json\/wp\/v2\/pages\/521#wpcf7-f494-o1\" method=\"post\" class=\"wpcf7-form init\" aria-label=\"Formulario de contacto\" novalidate=\"novalidate\" data-status=\"init\">\n<div style=\"display: none;\">\n<input type=\"hidden\" name=\"_wpcf7\" value=\"494\" \/>\n<input type=\"hidden\" name=\"_wpcf7_version\" value=\"5.7.7\" \/>\n<input type=\"hidden\" name=\"_wpcf7_locale\" value=\"es_ES\" \/>\n<input type=\"hidden\" name=\"_wpcf7_unit_tag\" value=\"wpcf7-f494-o1\" \/>\n<input type=\"hidden\" name=\"_wpcf7_container_post\" value=\"0\" \/>\n<input type=\"hidden\" name=\"_wpcf7_posted_data_hash\" value=\"\" \/>\n<\/div>\n<div style=\"float:left;width:48%;text-align:top;padding:4px;\">\n\t<p><strong>DATOS DE LOS SITIOS<\/strong><br \/>\n<label> Coordenada punto A: (ej. 43\u00ba 27\u2019 38.79\u201dN, 3\u00ba 48\u2019 29.38\u201dW)<br \/>\n<span class=\"wpcf7-form-control-wrap\" data-name=\"CoordenadaA\"><input size=\"40\" class=\"wpcf7-form-control wpcf7-text\" aria-invalid=\"false\" value=\"\" type=\"text\" name=\"CoordenadaA\" \/><\/span><\/label><br \/>\n<label> Altura punto A: (m)<br \/>\n<span class=\"wpcf7-form-control-wrap\" data-name=\"AlturaA\"><input size=\"40\" class=\"wpcf7-form-control wpcf7-text\" aria-invalid=\"false\" value=\"\" type=\"text\" name=\"AlturaA\" \/><\/span><\/label><br \/>\n<label> Coordenada punto B: (ej. 43\u00ba 27\u2019 38.79\u201dN, 3\u00ba 48\u2019 29.38\u201dW)<br \/>\n<span class=\"wpcf7-form-control-wrap\" data-name=\"CoordenadaB\"><input size=\"40\" class=\"wpcf7-form-control wpcf7-text\" aria-invalid=\"false\" value=\"\" type=\"text\" name=\"CoordenadaB\" \/><\/span><\/label><br \/>\n<label> Altura punto B: (m)<br \/>\n<span class=\"wpcf7-form-control-wrap\" data-name=\"AlturaB\"><input size=\"40\" class=\"wpcf7-form-control wpcf7-text\" aria-invalid=\"false\" value=\"\" type=\"text\" name=\"AlturaB\" \/><\/span><\/label><br \/>\n<label> Longitud del enlace: (Km)<br \/>\n<span class=\"wpcf7-form-control-wrap\" data-name=\"Longitud\"><input size=\"40\" class=\"wpcf7-form-control wpcf7-text\" aria-invalid=\"false\" value=\"\" type=\"text\" name=\"Longitud\" \/><\/span><\/label><br \/>\n<label> \u00bfHay l\u00ednea de vista?<br \/>\n<span class=\"wpcf7-form-control-wrap\" data-name=\"menu-142\"><select class=\"wpcf7-form-control wpcf7-select\" aria-invalid=\"false\" name=\"menu-142\"><option value=\"S\u00ed\">S\u00ed<\/option><option value=\"No\">No<\/option><option value=\"No lo s\u00e9\">No lo s\u00e9<\/option><\/select><\/span><\/label><br \/>\n<label> Tama\u00f1o m\u00e1ximo de antena:<br \/>\n<span class=\"wpcf7-form-control-wrap\" data-name=\"menu-28\"><select class=\"wpcf7-form-control wpcf7-select\" aria-invalid=\"false\" name=\"menu-28\"><option value=\"Sin restricci\u00f3n\">Sin restricci\u00f3n<\/option><option value=\"60cm\">60cm<\/option><option value=\"90cm\">90cm<\/option><option value=\"120cm\">120cm<\/option><option value=\"180cm\">180cm<\/option><\/select><\/span><\/label>\n\t<\/p>\n\t<p><strong>CONTACTO<\/strong><br \/>\n<label> Empresa:<br \/>\n<span class=\"wpcf7-form-control-wrap\" data-name=\"Empresa\"><input size=\"40\" class=\"wpcf7-form-control wpcf7-text\" aria-invalid=\"false\" value=\"\" type=\"text\" name=\"Empresa\" \/><\/span><\/label><br \/>\n<label> Nombre:<br \/>\n<span class=\"wpcf7-form-control-wrap\" data-name=\"Nombre\"><input size=\"40\" class=\"wpcf7-form-control wpcf7-text\" aria-invalid=\"false\" value=\"\" type=\"text\" name=\"Nombre\" \/><\/span><\/label><br \/>\n<label> Email:<br \/>\n<span class=\"wpcf7-form-control-wrap\" data-name=\"email-73\"><input size=\"40\" class=\"wpcf7-form-control wpcf7-text wpcf7-email wpcf7-validates-as-email\" aria-invalid=\"false\" value=\"\" type=\"email\" name=\"email-73\" \/><\/span><\/label><br \/>\n<label> Tel\u00e9fono:<br \/>\n<span class=\"wpcf7-form-control-wrap\" data-name=\"tel-988\"><input size=\"40\" class=\"wpcf7-form-control wpcf7-text wpcf7-tel wpcf7-validates-as-tel\" aria-invalid=\"false\" value=\"\" type=\"tel\" name=\"tel-988\" \/><\/span><\/label><br \/>\n<label><span class=\"wpcf7-form-control-wrap\" data-name=\"acceptance-932\"><span class=\"wpcf7-form-control wpcf7-acceptance\"><span class=\"wpcf7-list-item\"><input type=\"checkbox\" name=\"acceptance-932\" value=\"1\" aria-invalid=\"false\" \/><\/span><\/span><\/span> He le\u00eddo y acepto los t\u00e9rminos y condiciones de <a title=\"Pol\u00edtica de Privacidad\" href=\"http:\/\/www.ailikedesign.com\/alora\/politica-de-privacidad\/\" target=\"_blank\">privacidad<\/a><\/label><br \/>\n<label><input class=\"wpcf7-form-control has-spinner wpcf7-submit\" type=\"submit\" value=\"Enviar\" \/><\/label>\n\t<\/p>\n<\/div>\n<div style=\"float:right;width:48%;text-align:top;padding:4px;\">\n\t<p><strong>TIPO DE ENLACE<\/strong><br \/>\n<label> Capacidad deseada en cada sentido: (Mbps)<br \/>\n<span class=\"wpcf7-form-control-wrap\" data-name=\"Capacidad\"><input size=\"40\" class=\"wpcf7-form-control wpcf7-text\" aria-invalid=\"false\" value=\"\" type=\"text\" name=\"Capacidad\" \/><\/span><\/label><br \/>\n<label> Frecuencia de operaci\u00f3n (opcional): (Ghz)<br \/>\n<span class=\"wpcf7-form-control-wrap\" data-name=\"Frecuencia\"><input size=\"40\" class=\"wpcf7-form-control wpcf7-text\" aria-invalid=\"false\" value=\"\" type=\"text\" name=\"Frecuencia\" \/><\/span><\/label><br \/>\n<label> Configuraci\u00f3n preferida:<br \/>\n<span class=\"wpcf7-form-control-wrap\" data-name=\"menu-124\"><select class=\"wpcf7-form-control wpcf7-select\" aria-invalid=\"false\" name=\"menu-124\"><option value=\"IDU-ODU\">IDU-ODU<\/option><option value=\"Full Outdoor\">Full Outdoor<\/option><\/select><\/span><\/label><br \/>\n<label> Disponibilidad objetivo:<br \/>\n<span class=\"wpcf7-form-control-wrap\" data-name=\"menu-80\"><select class=\"wpcf7-form-control wpcf7-select\" aria-invalid=\"false\" name=\"menu-80\"><option value=\"99,990\">99,990<\/option><option value=\"99,995\">99,995<\/option><option value=\"99,999\">99,999<\/option><\/select><\/span><\/label><br \/>\n<label> \u00bfQuieres legalizarlo?<br \/>\n<span class=\"wpcf7-form-control-wrap\" data-name=\"menu-180\"><select class=\"wpcf7-form-control wpcf7-select\" aria-invalid=\"false\" name=\"menu-180\"><option value=\"S\u00ed\">S\u00ed<\/option><option value=\"No\">No<\/option><\/select><\/span><\/label>\n\t<\/p>\n<\/div><div class=\"wpcf7-response-output\" aria-hidden=\"true\"><\/div>\n<\/form>\n<\/div>\n[\/vc_column][\/vc_row]<\/p>\n<\/section>","protected":false},"excerpt":{"rendered":"<p>[vc_row][vc_column][vc_empty_space][vc_column_text] Introduce los datos del radioenlace: [\/vc_column_text][\/vc_column][\/vc_row][vc_row][vc_column][\/vc_column][\/vc_row]<\/p>\n","protected":false},"author":1,"featured_media":0,"parent":0,"menu_order":0,"comment_status":"closed","ping_status":"closed","template":"","meta":[],"yoast_head":"<!-- This site is optimized with the Yoast SEO plugin v20.1 - https:\/\/yoast.com\/wordpress\/plugins\/seo\/ -->\n<title>Solicitud de Dise\u00f1o de tu Radioenlace | Alora Soluciones<\/title>\n<meta name=\"description\" content=\"En Alora podemos proponer radioenlaces en diferentes tecnolog\u00edas en frecuencias. Ind\u00edcanos los puntos a enlazar y la capacidad deseada y realizaremos la simulaci\u00f3n que mejor se ajuste.\" \/>\n<meta name=\"robots\" content=\"index, follow, max-snippet:-1, max-image-preview:large, max-video-preview:-1\" \/>\n<link rel=\"canonical\" href=\"http:\/\/www.ailikedesign.com\/alora\/solicitud-de-calculo-de-radioenlace\/\" \/>\n<meta property=\"og:locale\" content=\"es_ES\" \/>\n<meta property=\"og:type\" content=\"article\" \/>\n<meta property=\"og:title\" content=\"Solicitud de Dise\u00f1o de tu Radioenlace | Alora Soluciones\" \/>\n<meta property=\"og:description\" content=\"En Alora podemos proponer radioenlaces en diferentes tecnolog\u00edas en frecuencias. Ind\u00edcanos los puntos a enlazar y la capacidad deseada y realizaremos la simulaci\u00f3n que mejor se ajuste.\" \/>\n<meta property=\"og:url\" content=\"http:\/\/www.ailikedesign.com\/alora\/solicitud-de-calculo-de-radioenlace\/\" \/>\n<meta property=\"og:site_name\" content=\"Alora Soluciones\" \/>\n<meta property=\"article:modified_time\" content=\"2018-02-20T13:05:22+00:00\" \/>\n<meta name=\"twitter:card\" content=\"summary_large_image\" \/>\n<script type=\"application\/ld+json\" class=\"yoast-schema-graph\">{\"@context\":\"https:\/\/schema.org\",\"@graph\":[{\"@type\":\"WebPage\",\"@id\":\"http:\/\/www.ailikedesign.com\/alora\/solicitud-de-calculo-de-radioenlace\/\",\"url\":\"http:\/\/www.ailikedesign.com\/alora\/solicitud-de-calculo-de-radioenlace\/\",\"name\":\"Solicitud de Dise\u00f1o de tu Radioenlace | Alora Soluciones\",\"isPartOf\":{\"@id\":\"http:\/\/www.ailikedesign.com\/alora\/#website\"},\"datePublished\":\"2017-10-25T08:11:49+00:00\",\"dateModified\":\"2018-02-20T13:05:22+00:00\",\"description\":\"En Alora podemos proponer radioenlaces en diferentes tecnolog\u00edas en frecuencias. Ind\u00edcanos los puntos a enlazar y la capacidad deseada y realizaremos la simulaci\u00f3n que mejor se ajuste.\",\"breadcrumb\":{\"@id\":\"http:\/\/www.ailikedesign.com\/alora\/solicitud-de-calculo-de-radioenlace\/#breadcrumb\"},\"inLanguage\":\"es\",\"potentialAction\":[{\"@type\":\"ReadAction\",\"target\":[\"http:\/\/www.ailikedesign.com\/alora\/solicitud-de-calculo-de-radioenlace\/\"]}]},{\"@type\":\"BreadcrumbList\",\"@id\":\"http:\/\/www.ailikedesign.com\/alora\/solicitud-de-calculo-de-radioenlace\/#breadcrumb\",\"itemListElement\":[{\"@type\":\"ListItem\",\"position\":1,\"name\":\"Portada\",\"item\":\"http:\/\/www.ailikedesign.com\/alora\/\"},{\"@type\":\"ListItem\",\"position\":2,\"name\":\"Solicitud de c\u00e1lculo de radioenlace\"}]},{\"@type\":\"WebSite\",\"@id\":\"http:\/\/www.ailikedesign.com\/alora\/#website\",\"url\":\"http:\/\/www.ailikedesign.com\/alora\/\",\"name\":\"Alora Soluciones\",\"description\":\"Sistemas avanzados de telecomunicaciones\",\"potentialAction\":[{\"@type\":\"SearchAction\",\"target\":{\"@type\":\"EntryPoint\",\"urlTemplate\":\"http:\/\/www.ailikedesign.com\/alora\/?s={search_term_string}\"},\"query-input\":\"required name=search_term_string\"}],\"inLanguage\":\"es\"}]}<\/script>\n<!-- \/ Yoast SEO plugin. -->","yoast_head_json":{"title":"Solicitud de Dise\u00f1o de tu Radioenlace | Alora Soluciones","description":"En Alora podemos proponer radioenlaces en diferentes tecnolog\u00edas en frecuencias. Ind\u00edcanos los puntos a enlazar y la capacidad deseada y realizaremos la simulaci\u00f3n que mejor se ajuste.","robots":{"index":"index","follow":"follow","max-snippet":"max-snippet:-1","max-image-preview":"max-image-preview:large","max-video-preview":"max-video-preview:-1"},"canonical":"http:\/\/www.ailikedesign.com\/alora\/solicitud-de-calculo-de-radioenlace\/","og_locale":"es_ES","og_type":"article","og_title":"Solicitud de Dise\u00f1o de tu Radioenlace | Alora Soluciones","og_description":"En Alora podemos proponer radioenlaces en diferentes tecnolog\u00edas en frecuencias. Ind\u00edcanos los puntos a enlazar y la capacidad deseada y realizaremos la simulaci\u00f3n que mejor se ajuste.","og_url":"http:\/\/www.ailikedesign.com\/alora\/solicitud-de-calculo-de-radioenlace\/","og_site_name":"Alora Soluciones","article_modified_time":"2018-02-20T13:05:22+00:00","twitter_card":"summary_large_image","schema":{"@context":"https:\/\/schema.org","@graph":[{"@type":"WebPage","@id":"http:\/\/www.ailikedesign.com\/alora\/solicitud-de-calculo-de-radioenlace\/","url":"http:\/\/www.ailikedesign.com\/alora\/solicitud-de-calculo-de-radioenlace\/","name":"Solicitud de Dise\u00f1o de tu Radioenlace | Alora Soluciones","isPartOf":{"@id":"http:\/\/www.ailikedesign.com\/alora\/#website"},"datePublished":"2017-10-25T08:11:49+00:00","dateModified":"2018-02-20T13:05:22+00:00","description":"En Alora podemos proponer radioenlaces en diferentes tecnolog\u00edas en frecuencias. Ind\u00edcanos los puntos a enlazar y la capacidad deseada y realizaremos la simulaci\u00f3n que mejor se ajuste.","breadcrumb":{"@id":"http:\/\/www.ailikedesign.com\/alora\/solicitud-de-calculo-de-radioenlace\/#breadcrumb"},"inLanguage":"es","potentialAction":[{"@type":"ReadAction","target":["http:\/\/www.ailikedesign.com\/alora\/solicitud-de-calculo-de-radioenlace\/"]}]},{"@type":"BreadcrumbList","@id":"http:\/\/www.ailikedesign.com\/alora\/solicitud-de-calculo-de-radioenlace\/#breadcrumb","itemListElement":[{"@type":"ListItem","position":1,"name":"Portada","item":"http:\/\/www.ailikedesign.com\/alora\/"},{"@type":"ListItem","position":2,"name":"Solicitud de c\u00e1lculo de radioenlace"}]},{"@type":"WebSite","@id":"http:\/\/www.ailikedesign.com\/alora\/#website","url":"http:\/\/www.ailikedesign.com\/alora\/","name":"Alora Soluciones","description":"Sistemas avanzados de telecomunicaciones","potentialAction":[{"@type":"SearchAction","target":{"@type":"EntryPoint","urlTemplate":"http:\/\/www.ailikedesign.com\/alora\/?s={search_term_string}"},"query-input":"required name=search_term_string"}],"inLanguage":"es"}]}},"_links":{"self":[{"href":"http:\/\/www.ailikedesign.com\/alora\/wp-json\/wp\/v2\/pages\/521"}],"collection":[{"href":"http:\/\/www.ailikedesign.com\/alora\/wp-json\/wp\/v2\/pages"}],"about":[{"href":"http:\/\/www.ailikedesign.com\/alora\/wp-json\/wp\/v2\/types\/page"}],"author":[{"embeddable":true,"href":"http:\/\/www.ailikedesign.com\/alora\/wp-json\/wp\/v2\/users\/1"}],"replies":[{"embeddable":true,"href":"http:\/\/www.ailikedesign.com\/alora\/wp-json\/wp\/v2\/comments?post=521"}],"version-history":[{"count":0,"href":"http:\/\/www.ailikedesign.com\/alora\/wp-json\/wp\/v2\/pages\/521\/revisions"}],"wp:attachment":[{"href":"http:\/\/www.ailikedesign.com\/alora\/wp-json\/wp\/v2\/media?parent=521"}],"curies":[{"name":"wp","href":"https:\/\/api.w.org\/{rel}","templated":true}]}}