{"id":2482,"date":"2018-07-03T11:33:00","date_gmt":"2018-07-03T09:33:00","guid":{"rendered":"http:\/\/www.ailikedesign.com\/alora\/?post_type=product&#038;p=2482"},"modified":"2021-02-03T13:32:05","modified_gmt":"2021-02-03T11:32:05","slug":"enlace-completo-ip-20c-en-24ghz-1gbps-antenas-de-60cm","status":"publish","type":"product","link":"http:\/\/www.ailikedesign.com\/alora\/producto\/enlace-completo-ip-20c-en-24ghz-1gbps-antenas-de-60cm\/","title":{"rendered":"Enlace completo IP-20C en 24GHz, 1Gbps. Antenas de 60cm"},"content":{"rendered":"<p>FibeAir IP-20C rompe las barreras de las capacidades ofreciendo una soluci\u00f3n virtual de fibra sobre frecuencias licenciadas. Entrega\u00a0<strong>1 Gbps en cualquier escenario de despliegue<\/strong>. Su versatilidad y gran capacidad lo convierten en la soluci\u00f3n perfecta para el acceso, small cells, backhaul de macro celdas, agregaci\u00f3n y despliegues troncales.<\/p>\n<p>IP-20C revoluciona la forma de gestionar y mantener la red. Con sus servicios definidos por software y la<strong>\u00a0tecnolog\u00eda de radio\u00a0<em>dual-core<\/em><\/strong>, se puede escalar hasta una capacidad de 1Gbps mediante licencias, incrementar la distancia del enlace al doble o bien reducir el consumo de energ\u00eda, a medida que cambien las necesidades. Est\u00e1 preparado para la actualizaci\u00f3n de 1+0 a 2+0, duplicando la capacidad sin intervenci\u00f3n en campo.<\/p>\n","protected":false},"excerpt":{"rendered":"<h2>Enlace completo IP-20C en 24GHz, 1Gbps. Antenas de 60cm<\/h2>\n<p><strong>Enlace completo IP-20C en 24Ghz de 1Gbps de capacidad y con ACM<\/strong> (Modulaci\u00f3n y Codificaci\u00f3n Adaptativa). Incluye la pareja de equipos all-outdoor de<strong> Ceragon<\/strong> (TH y TL) y <strong>antenas de\u00a0<\/strong><strong>2ft<\/strong> (60cm) de RFS. Ideal para cortas y medias distancias.<\/p>\n<p>La banda de frecuencias 24.050-24.250GHz <strong>no requiere de licenciamiento<\/strong> para aplicaciones ICM y CDR.<\/p>\n<p>&nbsp;<\/p>\n[dt_default_button link=\"http:\/\/www.ailikedesign.com\/alora\/contacta-con-alora\/\" button_alignment=\"default\" animation=\"fadeIn\" size=\"medium\" default_btn_bg_color=\"\" bg_hover_color=\"\" text_color=\"\" text_hover_color=\"\" icon=\"\" icon_align=\"left\"]CONS\u00daLTANOS[\/dt_default_button]\n","protected":false},"featured_media":2268,"template":"","meta":[],"product_cat":[42],"product_tag":[44],"yoast_head":"<!-- This site is optimized with the Yoast SEO plugin v20.1 - https:\/\/yoast.com\/wordpress\/plugins\/seo\/ -->\n<title>Comprar enlace completo IP-20C en 24GHz, 1Gbps. Antenas 2ft.<\/title>\n<meta name=\"description\" content=\"Enlace completo IP-20C en 24Ghz de 1Gbps de capacidad y con ACM (Modulaci\u00f3n y Codificaci\u00f3n Adaptativa). Incluye antenas de\u00a02ft (60cm) de RFS. Ideal para cortas y medias distancias. La banda de frecuencias 24.050-24.250GHz no requiere de licenciamiento para aplicaciones ICM y CDR.\" \/>\n<meta name=\"robots\" content=\"index, follow, max-snippet:-1, max-image-preview:large, max-video-preview:-1\" \/>\n<link rel=\"canonical\" href=\"http:\/\/www.ailikedesign.com\/alora\/producto\/enlace-completo-ip-20c-en-24ghz-1gbps-antenas-de-60cm\/\" \/>\n<meta property=\"og:locale\" content=\"es_ES\" \/>\n<meta property=\"og:type\" content=\"article\" \/>\n<meta property=\"og:title\" content=\"Comprar enlace completo IP-20C en 24GHz, 1Gbps. Antenas 2ft.\" \/>\n<meta property=\"og:description\" content=\"Enlace completo IP-20C en 24Ghz de 1Gbps de capacidad y con ACM (Modulaci\u00f3n y Codificaci\u00f3n Adaptativa). Incluye antenas de\u00a02ft (60cm) de RFS. Ideal para cortas y medias distancias. La banda de frecuencias 24.050-24.250GHz no requiere de licenciamiento para aplicaciones ICM y CDR.\" \/>\n<meta property=\"og:url\" content=\"http:\/\/www.ailikedesign.com\/alora\/producto\/enlace-completo-ip-20c-en-24ghz-1gbps-antenas-de-60cm\/\" \/>\n<meta property=\"og:site_name\" content=\"Alora Soluciones\" \/>\n<meta property=\"article:modified_time\" content=\"2021-02-03T11:32:05+00:00\" \/>\n<meta property=\"og:image\" content=\"http:\/\/www.ailikedesign.com\/alora\/wp-content\/uploads\/2018\/05\/IP-20C-Ceragon.jpg\" \/>\n\t<meta property=\"og:image:width\" content=\"390\" \/>\n\t<meta property=\"og:image:height\" content=\"390\" \/>\n\t<meta property=\"og:image:type\" content=\"image\/jpeg\" \/>\n<meta name=\"twitter:card\" content=\"summary_large_image\" \/>\n<meta name=\"twitter:label1\" content=\"Tiempo de lectura\" \/>\n\t<meta name=\"twitter:data1\" content=\"1 minuto\" \/>\n<script type=\"application\/ld+json\" class=\"yoast-schema-graph\">{\"@context\":\"https:\/\/schema.org\",\"@graph\":[{\"@type\":\"WebPage\",\"@id\":\"http:\/\/www.ailikedesign.com\/alora\/producto\/enlace-completo-ip-20c-en-24ghz-1gbps-antenas-de-60cm\/\",\"url\":\"http:\/\/www.ailikedesign.com\/alora\/producto\/enlace-completo-ip-20c-en-24ghz-1gbps-antenas-de-60cm\/\",\"name\":\"Comprar enlace completo IP-20C en 24GHz, 1Gbps. Antenas 2ft.\",\"isPartOf\":{\"@id\":\"http:\/\/www.ailikedesign.com\/alora\/#website\"},\"datePublished\":\"2018-07-03T09:33:00+00:00\",\"dateModified\":\"2021-02-03T11:32:05+00:00\",\"description\":\"Enlace completo IP-20C en 24Ghz de 1Gbps de capacidad y con ACM (Modulaci\u00f3n y Codificaci\u00f3n Adaptativa). Incluye antenas de\u00a02ft (60cm) de RFS. Ideal para cortas y medias distancias. La banda de frecuencias 24.050-24.250GHz no requiere de licenciamiento para aplicaciones ICM y CDR.\",\"breadcrumb\":{\"@id\":\"http:\/\/www.ailikedesign.com\/alora\/producto\/enlace-completo-ip-20c-en-24ghz-1gbps-antenas-de-60cm\/#breadcrumb\"},\"inLanguage\":\"es\",\"potentialAction\":[{\"@type\":\"ReadAction\",\"target\":[\"http:\/\/www.ailikedesign.com\/alora\/producto\/enlace-completo-ip-20c-en-24ghz-1gbps-antenas-de-60cm\/\"]}]},{\"@type\":\"BreadcrumbList\",\"@id\":\"http:\/\/www.ailikedesign.com\/alora\/producto\/enlace-completo-ip-20c-en-24ghz-1gbps-antenas-de-60cm\/#breadcrumb\",\"itemListElement\":[{\"@type\":\"ListItem\",\"position\":1,\"name\":\"Portada\",\"item\":\"http:\/\/www.ailikedesign.com\/alora\/\"},{\"@type\":\"ListItem\",\"position\":2,\"name\":\"Tienda\",\"item\":\"http:\/\/www.ailikedesign.com\/alora\/tienda\/\"},{\"@type\":\"ListItem\",\"position\":3,\"name\":\"Enlace completo IP-20C en 24GHz, 1Gbps. Antenas de 60cm\"}]},{\"@type\":\"WebSite\",\"@id\":\"http:\/\/www.ailikedesign.com\/alora\/#website\",\"url\":\"http:\/\/www.ailikedesign.com\/alora\/\",\"name\":\"Alora Soluciones\",\"description\":\"Sistemas avanzados de telecomunicaciones\",\"potentialAction\":[{\"@type\":\"SearchAction\",\"target\":{\"@type\":\"EntryPoint\",\"urlTemplate\":\"http:\/\/www.ailikedesign.com\/alora\/?s={search_term_string}\"},\"query-input\":\"required name=search_term_string\"}],\"inLanguage\":\"es\"}]}<\/script>\n<!-- \/ Yoast SEO plugin. -->","yoast_head_json":{"title":"Comprar enlace completo IP-20C en 24GHz, 1Gbps. Antenas 2ft.","description":"Enlace completo IP-20C en 24Ghz de 1Gbps de capacidad y con ACM (Modulaci\u00f3n y Codificaci\u00f3n Adaptativa). Incluye antenas de\u00a02ft (60cm) de RFS. Ideal para cortas y medias distancias. La banda de frecuencias 24.050-24.250GHz no requiere de licenciamiento para aplicaciones ICM y CDR.","robots":{"index":"index","follow":"follow","max-snippet":"max-snippet:-1","max-image-preview":"max-image-preview:large","max-video-preview":"max-video-preview:-1"},"canonical":"http:\/\/www.ailikedesign.com\/alora\/producto\/enlace-completo-ip-20c-en-24ghz-1gbps-antenas-de-60cm\/","og_locale":"es_ES","og_type":"article","og_title":"Comprar enlace completo IP-20C en 24GHz, 1Gbps. Antenas 2ft.","og_description":"Enlace completo IP-20C en 24Ghz de 1Gbps de capacidad y con ACM (Modulaci\u00f3n y Codificaci\u00f3n Adaptativa). Incluye antenas de\u00a02ft (60cm) de RFS. Ideal para cortas y medias distancias. La banda de frecuencias 24.050-24.250GHz no requiere de licenciamiento para aplicaciones ICM y CDR.","og_url":"http:\/\/www.ailikedesign.com\/alora\/producto\/enlace-completo-ip-20c-en-24ghz-1gbps-antenas-de-60cm\/","og_site_name":"Alora Soluciones","article_modified_time":"2021-02-03T11:32:05+00:00","og_image":[{"width":390,"height":390,"url":"http:\/\/www.ailikedesign.com\/alora\/wp-content\/uploads\/2018\/05\/IP-20C-Ceragon.jpg","type":"image\/jpeg"}],"twitter_card":"summary_large_image","twitter_misc":{"Tiempo de lectura":"1 minuto"},"schema":{"@context":"https:\/\/schema.org","@graph":[{"@type":"WebPage","@id":"http:\/\/www.ailikedesign.com\/alora\/producto\/enlace-completo-ip-20c-en-24ghz-1gbps-antenas-de-60cm\/","url":"http:\/\/www.ailikedesign.com\/alora\/producto\/enlace-completo-ip-20c-en-24ghz-1gbps-antenas-de-60cm\/","name":"Comprar enlace completo IP-20C en 24GHz, 1Gbps. Antenas 2ft.","isPartOf":{"@id":"http:\/\/www.ailikedesign.com\/alora\/#website"},"datePublished":"2018-07-03T09:33:00+00:00","dateModified":"2021-02-03T11:32:05+00:00","description":"Enlace completo IP-20C en 24Ghz de 1Gbps de capacidad y con ACM (Modulaci\u00f3n y Codificaci\u00f3n Adaptativa). Incluye antenas de\u00a02ft (60cm) de RFS. Ideal para cortas y medias distancias. La banda de frecuencias 24.050-24.250GHz no requiere de licenciamiento para aplicaciones ICM y CDR.","breadcrumb":{"@id":"http:\/\/www.ailikedesign.com\/alora\/producto\/enlace-completo-ip-20c-en-24ghz-1gbps-antenas-de-60cm\/#breadcrumb"},"inLanguage":"es","potentialAction":[{"@type":"ReadAction","target":["http:\/\/www.ailikedesign.com\/alora\/producto\/enlace-completo-ip-20c-en-24ghz-1gbps-antenas-de-60cm\/"]}]},{"@type":"BreadcrumbList","@id":"http:\/\/www.ailikedesign.com\/alora\/producto\/enlace-completo-ip-20c-en-24ghz-1gbps-antenas-de-60cm\/#breadcrumb","itemListElement":[{"@type":"ListItem","position":1,"name":"Portada","item":"http:\/\/www.ailikedesign.com\/alora\/"},{"@type":"ListItem","position":2,"name":"Tienda","item":"http:\/\/www.ailikedesign.com\/alora\/tienda\/"},{"@type":"ListItem","position":3,"name":"Enlace completo IP-20C en 24GHz, 1Gbps. Antenas de 60cm"}]},{"@type":"WebSite","@id":"http:\/\/www.ailikedesign.com\/alora\/#website","url":"http:\/\/www.ailikedesign.com\/alora\/","name":"Alora Soluciones","description":"Sistemas avanzados de telecomunicaciones","potentialAction":[{"@type":"SearchAction","target":{"@type":"EntryPoint","urlTemplate":"http:\/\/www.ailikedesign.com\/alora\/?s={search_term_string}"},"query-input":"required name=search_term_string"}],"inLanguage":"es"}]}},"_links":{"self":[{"href":"http:\/\/www.ailikedesign.com\/alora\/wp-json\/wp\/v2\/product\/2482"}],"collection":[{"href":"http:\/\/www.ailikedesign.com\/alora\/wp-json\/wp\/v2\/product"}],"about":[{"href":"http:\/\/www.ailikedesign.com\/alora\/wp-json\/wp\/v2\/types\/product"}],"wp:featuredmedia":[{"embeddable":true,"href":"http:\/\/www.ailikedesign.com\/alora\/wp-json\/wp\/v2\/media\/2268"}],"wp:attachment":[{"href":"http:\/\/www.ailikedesign.com\/alora\/wp-json\/wp\/v2\/media?parent=2482"}],"wp:term":[{"taxonomy":"product_cat","embeddable":true,"href":"http:\/\/www.ailikedesign.com\/alora\/wp-json\/wp\/v2\/product_cat?post=2482"},{"taxonomy":"product_tag","embeddable":true,"href":"http:\/\/www.ailikedesign.com\/alora\/wp-json\/wp\/v2\/product_tag?post=2482"}],"curies":[{"name":"wp","href":"https:\/\/api.w.org\/{rel}","templated":true}]}}